{"id":9,"date":"2024-02-09T15:18:00","date_gmt":"2024-02-09T13:18:00","guid":{"rendered":"https:\/\/kennetwennerqvist.fi\/fi\/?page_id=9"},"modified":"2024-02-12T12:26:17","modified_gmt":"2024-02-12T10:26:17","slug":"kalevalainen-jasenkorjaus","status":"publish","type":"page","link":"https:\/\/kennetwennerqvist.fi\/fi\/kalevalainen-jasenkorjaus\/","title":{"rendered":"Kalevalainen j\u00e4senkorjaus"},"content":{"rendered":"<p>Kalevalainen j\u00e4senkorjaus on vanha suomalainen perinnehoito joka on todistanut tehokkuutensa my\u00f6s nykyp\u00e4iv\u00e4n\u00e4.<\/p>\n<p>Vertailussa hieronnan ja fysioterapian kanssa se osoittautui eritt\u00e4in kustannustehokkaaksi menetelm\u00e4ksi kolmen vuoden tutkimuksen seurannassa (l\u00e4hde). Kalevalainen j\u00e4senkorjaus on turvallinen menetelm\u00e4 jossa mobilisoidaan pehmytkudokset asiakkaan omia liikeratoja hyv\u00e4ksik\u00e4ytt\u00e4en. Kalevalaisessa j\u00e4senkorjaushoidossa pyrit\u00e4\u00e4n tasapainottamaan koko tukirakenteen kineettinen ketju, aina jalkapohjista kallonrajaan saakka.<\/p>\n<p>Perimm\u00e4inen ajatus Kalevalaisessa j\u00e4senkorjauksessa on l\u00f6yt\u00e4\u00e4 vaivan oikea syy ja saattaa se tasapainoon, sen sijaan ett\u00e4 hoidettaisiin vain oireita.<\/p>\n<p>Lis\u00e4\u00e4 luettavaa hoidosta l\u00f6yd\u00e4t osoitteesta:<a href=\"https:\/\/ www.kansanlaakintaseura.fi\" rel=\"noopener\" target=\"_blank\"> www.kansanlaakintaseura.fi<\/a><\/p>\n","protected":false},"excerpt":{"rendered":"<p>Kalevalainen j\u00e4senkorjaus on vanha suomalainen perinnehoito joka on todistanut tehokkuutensa my\u00f6s nykyp\u00e4iv\u00e4n\u00e4. Vertailussa hieronnan ja fysioterapian kanssa se osoittautui eritt\u00e4in kustannustehokkaaksi menetelm\u00e4ksi kolmen vuoden tutkimuksen seurannassa (l\u00e4hde). Kalevalainen j\u00e4senkorjaus on turvallinen menetelm\u00e4 jossa mobilisoidaan pehmytkudokset asiakkaan omia liikeratoja hyv\u00e4ksik\u00e4ytt\u00e4en. Kalevalaisessa j\u00e4senkorjaushoidossa pyrit\u00e4\u00e4n tasapainottamaan koko tukirakenteen kineettinen ketju, aina jalkapohjista kallonrajaan saakka. Perimm\u00e4inen ajatus Kalevalaisessa j\u00e4senkorjauksessa [&hellip;]<\/p>\n","protected":false},"author":1,"featured_media":11,"parent":0,"menu_order":0,"comment_status":"closed","ping_status":"closed","template":"","meta":{"footnotes":""},"class_list":["post-9","page","type-page","status-publish","has-post-thumbnail","hentry"],"yoast_head":"<!-- This site is optimized with the Yoast SEO plugin v27.4 - https:\/\/yoast.com\/product\/yoast-seo-wordpress\/ -->\n<title>Kalevalainen j\u00e4senkorjaus - Kennet Wennerqvist Suomeksi<\/title>\n<meta name=\"description\" content=\"Kalevalainen j\u00e4senkorjaus on vanha suomalainen perinnehoito joka on todistanut tehokkuutensa my\u00f6s nykyp\u00e4iv\u00e4n\u00e4.\" \/>\n<meta name=\"robots\" content=\"index, follow, max-snippet:-1, max-image-preview:large, max-video-preview:-1\" \/>\n<link rel=\"canonical\" href=\"https:\/\/kennetwennerqvist.fi\/fi\/kalevalainen-jasenkorjaus\/\" \/>\n<meta property=\"og:locale\" content=\"fi_FI\" \/>\n<meta property=\"og:type\" content=\"article\" \/>\n<meta property=\"og:title\" content=\"Kalevalainen j\u00e4senkorjaus - Kennet Wennerqvist Suomeksi\" \/>\n<meta property=\"og:description\" content=\"Kalevalainen j\u00e4senkorjaus on vanha suomalainen perinnehoito joka on todistanut tehokkuutensa my\u00f6s nykyp\u00e4iv\u00e4n\u00e4.\" \/>\n<meta property=\"og:url\" content=\"https:\/\/kennetwennerqvist.fi\/fi\/kalevalainen-jasenkorjaus\/\" \/>\n<meta property=\"og:site_name\" content=\"Kennet Wennerqvist Suomeksi\" \/>\n<meta property=\"article:modified_time\" content=\"2024-02-12T10:26:17+00:00\" \/>\n<meta property=\"og:image\" content=\"https:\/\/kennetwennerqvist.fi\/fi\/wp-content\/uploads\/sites\/2\/2024\/02\/tausta-2-2000x1333-1.jpg\" \/>\n\t<meta property=\"og:image:width\" content=\"2000\" \/>\n\t<meta property=\"og:image:height\" content=\"1333\" \/>\n\t<meta property=\"og:image:type\" content=\"image\/jpeg\" \/>\n<meta name=\"twitter:card\" content=\"summary_large_image\" \/>\n<meta name=\"twitter:label1\" content=\"Arvioitu lukuaika\" \/>\n\t<meta name=\"twitter:data1\" content=\"1 minuutti\" \/>\n<script type=\"application\/ld+json\" class=\"yoast-schema-graph\">{\"@context\":\"https:\\\/\\\/schema.org\",\"@graph\":[{\"@type\":\"WebPage\",\"@id\":\"https:\\\/\\\/kennetwennerqvist.fi\\\/fi\\\/kalevalainen-jasenkorjaus\\\/\",\"url\":\"https:\\\/\\\/kennetwennerqvist.fi\\\/fi\\\/kalevalainen-jasenkorjaus\\\/\",\"name\":\"Kalevalainen j\u00e4senkorjaus - Kennet Wennerqvist Suomeksi\",\"isPartOf\":{\"@id\":\"https:\\\/\\\/kennetwennerqvist.fi\\\/fi\\\/#website\"},\"primaryImageOfPage\":{\"@id\":\"https:\\\/\\\/kennetwennerqvist.fi\\\/fi\\\/kalevalainen-jasenkorjaus\\\/#primaryimage\"},\"image\":{\"@id\":\"https:\\\/\\\/kennetwennerqvist.fi\\\/fi\\\/kalevalainen-jasenkorjaus\\\/#primaryimage\"},\"thumbnailUrl\":\"https:\\\/\\\/kennetwennerqvist.fi\\\/fi\\\/wp-content\\\/uploads\\\/sites\\\/2\\\/2024\\\/02\\\/tausta-2-2000x1333-1.jpg\",\"datePublished\":\"2024-02-09T13:18:00+00:00\",\"dateModified\":\"2024-02-12T10:26:17+00:00\",\"description\":\"Kalevalainen j\u00e4senkorjaus on vanha suomalainen perinnehoito joka on todistanut tehokkuutensa my\u00f6s nykyp\u00e4iv\u00e4n\u00e4.\",\"breadcrumb\":{\"@id\":\"https:\\\/\\\/kennetwennerqvist.fi\\\/fi\\\/kalevalainen-jasenkorjaus\\\/#breadcrumb\"},\"inLanguage\":\"fi\",\"potentialAction\":[{\"@type\":\"ReadAction\",\"target\":[\"https:\\\/\\\/kennetwennerqvist.fi\\\/fi\\\/kalevalainen-jasenkorjaus\\\/\"]}]},{\"@type\":\"ImageObject\",\"inLanguage\":\"fi\",\"@id\":\"https:\\\/\\\/kennetwennerqvist.fi\\\/fi\\\/kalevalainen-jasenkorjaus\\\/#primaryimage\",\"url\":\"https:\\\/\\\/kennetwennerqvist.fi\\\/fi\\\/wp-content\\\/uploads\\\/sites\\\/2\\\/2024\\\/02\\\/tausta-2-2000x1333-1.jpg\",\"contentUrl\":\"https:\\\/\\\/kennetwennerqvist.fi\\\/fi\\\/wp-content\\\/uploads\\\/sites\\\/2\\\/2024\\\/02\\\/tausta-2-2000x1333-1.jpg\",\"width\":2000,\"height\":1333},{\"@type\":\"BreadcrumbList\",\"@id\":\"https:\\\/\\\/kennetwennerqvist.fi\\\/fi\\\/kalevalainen-jasenkorjaus\\\/#breadcrumb\",\"itemListElement\":[{\"@type\":\"ListItem\",\"position\":1,\"name\":\"Etusivu\",\"item\":\"https:\\\/\\\/kennetwennerqvist.fi\\\/fi\\\/\"},{\"@type\":\"ListItem\",\"position\":2,\"name\":\"Kalevalainen j\u00e4senkorjaus\"}]},{\"@type\":\"WebSite\",\"@id\":\"https:\\\/\\\/kennetwennerqvist.fi\\\/fi\\\/#website\",\"url\":\"https:\\\/\\\/kennetwennerqvist.fi\\\/fi\\\/\",\"name\":\"Kennet Wennerqvist Suomeksi\",\"description\":\"\",\"potentialAction\":[{\"@type\":\"SearchAction\",\"target\":{\"@type\":\"EntryPoint\",\"urlTemplate\":\"https:\\\/\\\/kennetwennerqvist.fi\\\/fi\\\/?s={search_term_string}\"},\"query-input\":{\"@type\":\"PropertyValueSpecification\",\"valueRequired\":true,\"valueName\":\"search_term_string\"}}],\"inLanguage\":\"fi\"}]}<\/script>\n<!-- \/ Yoast SEO plugin. -->","yoast_head_json":{"title":"Kalevalainen j\u00e4senkorjaus - Kennet Wennerqvist Suomeksi","description":"Kalevalainen j\u00e4senkorjaus on vanha suomalainen perinnehoito joka on todistanut tehokkuutensa my\u00f6s nykyp\u00e4iv\u00e4n\u00e4.","robots":{"index":"index","follow":"follow","max-snippet":"max-snippet:-1","max-image-preview":"max-image-preview:large","max-video-preview":"max-video-preview:-1"},"canonical":"https:\/\/kennetwennerqvist.fi\/fi\/kalevalainen-jasenkorjaus\/","og_locale":"fi_FI","og_type":"article","og_title":"Kalevalainen j\u00e4senkorjaus - Kennet Wennerqvist Suomeksi","og_description":"Kalevalainen j\u00e4senkorjaus on vanha suomalainen perinnehoito joka on todistanut tehokkuutensa my\u00f6s nykyp\u00e4iv\u00e4n\u00e4.","og_url":"https:\/\/kennetwennerqvist.fi\/fi\/kalevalainen-jasenkorjaus\/","og_site_name":"Kennet Wennerqvist Suomeksi","article_modified_time":"2024-02-12T10:26:17+00:00","og_image":[{"width":2000,"height":1333,"url":"https:\/\/kennetwennerqvist.fi\/fi\/wp-content\/uploads\/sites\/2\/2024\/02\/tausta-2-2000x1333-1.jpg","type":"image\/jpeg"}],"twitter_card":"summary_large_image","twitter_misc":{"Arvioitu lukuaika":"1 minuutti"},"schema":{"@context":"https:\/\/schema.org","@graph":[{"@type":"WebPage","@id":"https:\/\/kennetwennerqvist.fi\/fi\/kalevalainen-jasenkorjaus\/","url":"https:\/\/kennetwennerqvist.fi\/fi\/kalevalainen-jasenkorjaus\/","name":"Kalevalainen j\u00e4senkorjaus - Kennet Wennerqvist Suomeksi","isPartOf":{"@id":"https:\/\/kennetwennerqvist.fi\/fi\/#website"},"primaryImageOfPage":{"@id":"https:\/\/kennetwennerqvist.fi\/fi\/kalevalainen-jasenkorjaus\/#primaryimage"},"image":{"@id":"https:\/\/kennetwennerqvist.fi\/fi\/kalevalainen-jasenkorjaus\/#primaryimage"},"thumbnailUrl":"https:\/\/kennetwennerqvist.fi\/fi\/wp-content\/uploads\/sites\/2\/2024\/02\/tausta-2-2000x1333-1.jpg","datePublished":"2024-02-09T13:18:00+00:00","dateModified":"2024-02-12T10:26:17+00:00","description":"Kalevalainen j\u00e4senkorjaus on vanha suomalainen perinnehoito joka on todistanut tehokkuutensa my\u00f6s nykyp\u00e4iv\u00e4n\u00e4.","breadcrumb":{"@id":"https:\/\/kennetwennerqvist.fi\/fi\/kalevalainen-jasenkorjaus\/#breadcrumb"},"inLanguage":"fi","potentialAction":[{"@type":"ReadAction","target":["https:\/\/kennetwennerqvist.fi\/fi\/kalevalainen-jasenkorjaus\/"]}]},{"@type":"ImageObject","inLanguage":"fi","@id":"https:\/\/kennetwennerqvist.fi\/fi\/kalevalainen-jasenkorjaus\/#primaryimage","url":"https:\/\/kennetwennerqvist.fi\/fi\/wp-content\/uploads\/sites\/2\/2024\/02\/tausta-2-2000x1333-1.jpg","contentUrl":"https:\/\/kennetwennerqvist.fi\/fi\/wp-content\/uploads\/sites\/2\/2024\/02\/tausta-2-2000x1333-1.jpg","width":2000,"height":1333},{"@type":"BreadcrumbList","@id":"https:\/\/kennetwennerqvist.fi\/fi\/kalevalainen-jasenkorjaus\/#breadcrumb","itemListElement":[{"@type":"ListItem","position":1,"name":"Etusivu","item":"https:\/\/kennetwennerqvist.fi\/fi\/"},{"@type":"ListItem","position":2,"name":"Kalevalainen j\u00e4senkorjaus"}]},{"@type":"WebSite","@id":"https:\/\/kennetwennerqvist.fi\/fi\/#website","url":"https:\/\/kennetwennerqvist.fi\/fi\/","name":"Kennet Wennerqvist Suomeksi","description":"","potentialAction":[{"@type":"SearchAction","target":{"@type":"EntryPoint","urlTemplate":"https:\/\/kennetwennerqvist.fi\/fi\/?s={search_term_string}"},"query-input":{"@type":"PropertyValueSpecification","valueRequired":true,"valueName":"search_term_string"}}],"inLanguage":"fi"}]}},"_links":{"self":[{"href":"https:\/\/kennetwennerqvist.fi\/fi\/wp-json\/wp\/v2\/pages\/9","targetHints":{"allow":["GET"]}}],"collection":[{"href":"https:\/\/kennetwennerqvist.fi\/fi\/wp-json\/wp\/v2\/pages"}],"about":[{"href":"https:\/\/kennetwennerqvist.fi\/fi\/wp-json\/wp\/v2\/types\/page"}],"author":[{"embeddable":true,"href":"https:\/\/kennetwennerqvist.fi\/fi\/wp-json\/wp\/v2\/users\/1"}],"replies":[{"embeddable":true,"href":"https:\/\/kennetwennerqvist.fi\/fi\/wp-json\/wp\/v2\/comments?post=9"}],"version-history":[{"count":3,"href":"https:\/\/kennetwennerqvist.fi\/fi\/wp-json\/wp\/v2\/pages\/9\/revisions"}],"predecessor-version":[{"id":35,"href":"https:\/\/kennetwennerqvist.fi\/fi\/wp-json\/wp\/v2\/pages\/9\/revisions\/35"}],"wp:featuredmedia":[{"embeddable":true,"href":"https:\/\/kennetwennerqvist.fi\/fi\/wp-json\/wp\/v2\/media\/11"}],"wp:attachment":[{"href":"https:\/\/kennetwennerqvist.fi\/fi\/wp-json\/wp\/v2\/media?parent=9"}],"curies":[{"name":"wp","href":"https:\/\/api.w.org\/{rel}","templated":true}]}}