{"id":6,"date":"2024-02-09T15:15:05","date_gmt":"2024-02-09T13:15:05","guid":{"rendered":"https:\/\/kennetwennerqvist.fi\/fi\/?page_id=6"},"modified":"2024-02-12T13:45:45","modified_gmt":"2024-02-12T11:45:45","slug":"minusta","status":"publish","type":"page","link":"https:\/\/kennetwennerqvist.fi\/fi\/","title":{"rendered":"Fysioterapeutti Kennet Wennerqvist Porvoo"},"content":{"rendered":"<p>Hoidan ihmiskehoa Fysioterapian, Kalevalaisen j\u00e4senkorjauksen, Anatomy trains faskiamobilisaation ja akupunktion avulla. Olen aina pit\u00e4nyt korjaamisesta ja hoitamisesta. Autonasentajan ammattitutkinnon ja puutarhurina ty\u00f6skentelemisen j\u00e4lkeen p\u00e4\u00e4tin ett\u00e4 haluan auttaa l\u00e4himm\u00e4isi\u00e4ni. Opiskelin fysioterapiaa ja valmistuin vuonna 2002.<\/p>\n<p>Samalla minua kiinnosti syvempi tuntemus ihmiskehosta ja opiskelin my\u00f6s <a href=\"https:\/\/www.neijing.fi\" rel=\"noopener\" target=\"_blank\">Neijing<\/a>-koulussa perinteist\u00e4 kiinalaista l\u00e4\u00e4ketiedett\u00e4. Kiinalaisen l\u00e4\u00e4ketieteen tunnetuin osa-alue on akupunktio, vaikka siihen liittyy paljon muutakin.<\/p>\n<p>Aloittaessa fysioterapian ty\u00f6t huomasin ett\u00e4 monesti sama asiakas tuli uudestaan, viimeist\u00e4\u00e4n puolen vuoden kuluttua edellisest\u00e4 hoitojaksosta, samoilla vaivoilla. Halusin syvent\u00e4\u00e4 fyysist\u00e4 hoito-osaamistani, ja koska olen aina pit\u00e4nyt k\u00e4sill\u00e4 ty\u00f6skentelemisest\u00e4 aloitin <a href=\"https:\/\/www.kansanlaakintaseura.fi\" rel=\"noopener\" target=\"_blank\">Kalevalaisen J\u00e4senkorjauksen<\/a> koulutuksen, josta valmistuin kev\u00e4\u00e4ll\u00e4 2007.<\/p>\n<p>Noin kymmenen vuotta my\u00f6hemmin l\u00f6ysin <a href=\"https:\/\/www.anatomytrains.com\" rel=\"noopener\" target=\"_blank\">Anatomy trains<\/a> faskiamobilisaation, jonka koin ett\u00e4 ihanalla tavalla yhdist\u00e4\u00e4 yll\u00e4 mainitut hoitomuodot. Anatomy trains oli l\u00f6yt\u00e4nyt myofaskiaalisia linjoja jotka yhdist\u00e4v\u00e4t lihaksiamme erilaisiin toiminnallisiin yksik\u00f6ihin ja jotka my\u00f6s sijoittuvat ainakin osittain samoihin kohtiin kuin vanhat kiinalaiset energiakanavat, ns meridiaanit.<\/p>\n<p>Faskiamobilisaation avulla voidaan vaikuttaa n\u00e4ihin linjoihin ja pyrki\u00e4 saattamaan keho takaisin alkuper\u00e4iseen tasapainoon, jossa ei kuuluisi olla kipua.<\/p>\n<p>Koen ett\u00e4 el\u00e4m\u00e4 on jatkuvaa oppimista, enk\u00e4 taida koskaan oikein valmistua. Olen kiinnostunut ihmisen hyvinvoinnista kokonaisuutena ja haluan hy\u00f6dynt\u00e4\u00e4 uutta tietoa niin paljon kuin mahdollista.<\/p>\n<p>Tervetuloa ottamaan osaa hoidostani sellaisena kuin se on juuri nyt!<\/p>\n","protected":false},"excerpt":{"rendered":"<p>Hoidan ihmiskehoa Fysioterapian, Kalevalaisen j\u00e4senkorjauksen, Anatomy trains faskiamobilisaation ja akupunktion avulla. Olen aina pit\u00e4nyt korjaamisesta ja hoitamisesta. Autonasentajan ammattitutkinnon ja puutarhurina ty\u00f6skentelemisen j\u00e4lkeen p\u00e4\u00e4tin ett\u00e4 haluan auttaa l\u00e4himm\u00e4isi\u00e4ni. Opiskelin fysioterapiaa ja valmistuin vuonna 2002. Samalla minua kiinnosti syvempi tuntemus ihmiskehosta ja opiskelin my\u00f6s Neijing-koulussa perinteist\u00e4 kiinalaista l\u00e4\u00e4ketiedett\u00e4. Kiinalaisen l\u00e4\u00e4ketieteen tunnetuin osa-alue on akupunktio, vaikka siihen [&hellip;]<\/p>\n","protected":false},"author":1,"featured_media":7,"parent":0,"menu_order":0,"comment_status":"closed","ping_status":"closed","template":"","meta":{"footnotes":""},"class_list":["post-6","page","type-page","status-publish","has-post-thumbnail","hentry"],"yoast_head":"<!-- This site is optimized with the Yoast SEO plugin v27.4 - https:\/\/yoast.com\/product\/yoast-seo-wordpress\/ -->\n<title>Fysioterapeutti Kennet Wennerqvist Porvoo - Kennet Wennerqvist Suomeksi<\/title>\n<meta name=\"description\" content=\"Hoidan ihmiskehoa fysioterapian, akupunktion ja perinteisen kansanl\u00e4\u00e4kinn\u00e4n avulla.\" \/>\n<meta name=\"robots\" content=\"index, follow, max-snippet:-1, max-image-preview:large, max-video-preview:-1\" \/>\n<link rel=\"canonical\" href=\"https:\/\/kennetwennerqvist.fi\/fi\/\" \/>\n<meta property=\"og:locale\" content=\"fi_FI\" \/>\n<meta property=\"og:type\" content=\"article\" \/>\n<meta property=\"og:title\" content=\"Fysioterapeutti Kennet Wennerqvist Porvoo - Kennet Wennerqvist Suomeksi\" \/>\n<meta property=\"og:description\" content=\"Hoidan ihmiskehoa fysioterapian, akupunktion ja perinteisen kansanl\u00e4\u00e4kinn\u00e4n avulla.\" \/>\n<meta property=\"og:url\" content=\"https:\/\/kennetwennerqvist.fi\/fi\/\" \/>\n<meta property=\"og:site_name\" content=\"Kennet Wennerqvist Suomeksi\" \/>\n<meta property=\"article:modified_time\" content=\"2024-02-12T11:45:45+00:00\" \/>\n<meta property=\"og:image\" content=\"https:\/\/kennetwennerqvist.fi\/fi\/wp-content\/uploads\/sites\/2\/2024\/02\/tausta-1b-2000x1333-1.jpg\" \/>\n\t<meta property=\"og:image:width\" content=\"2000\" \/>\n\t<meta property=\"og:image:height\" content=\"1333\" \/>\n\t<meta property=\"og:image:type\" content=\"image\/jpeg\" \/>\n<meta name=\"twitter:card\" content=\"summary_large_image\" \/>\n<meta name=\"twitter:label1\" content=\"Arvioitu lukuaika\" \/>\n\t<meta name=\"twitter:data1\" content=\"2 minuuttia\" \/>\n<script type=\"application\/ld+json\" class=\"yoast-schema-graph\">{\"@context\":\"https:\\\/\\\/schema.org\",\"@graph\":[{\"@type\":\"WebPage\",\"@id\":\"https:\\\/\\\/kennetwennerqvist.fi\\\/fi\\\/\",\"url\":\"https:\\\/\\\/kennetwennerqvist.fi\\\/fi\\\/\",\"name\":\"Fysioterapeutti Kennet Wennerqvist Porvoo - Kennet Wennerqvist Suomeksi\",\"isPartOf\":{\"@id\":\"https:\\\/\\\/kennetwennerqvist.fi\\\/fi\\\/#website\"},\"primaryImageOfPage\":{\"@id\":\"https:\\\/\\\/kennetwennerqvist.fi\\\/fi\\\/#primaryimage\"},\"image\":{\"@id\":\"https:\\\/\\\/kennetwennerqvist.fi\\\/fi\\\/#primaryimage\"},\"thumbnailUrl\":\"https:\\\/\\\/kennetwennerqvist.fi\\\/fi\\\/wp-content\\\/uploads\\\/sites\\\/2\\\/2024\\\/02\\\/tausta-1b-2000x1333-1.jpg\",\"datePublished\":\"2024-02-09T13:15:05+00:00\",\"dateModified\":\"2024-02-12T11:45:45+00:00\",\"description\":\"Hoidan ihmiskehoa fysioterapian, akupunktion ja perinteisen kansanl\u00e4\u00e4kinn\u00e4n avulla.\",\"breadcrumb\":{\"@id\":\"https:\\\/\\\/kennetwennerqvist.fi\\\/fi\\\/#breadcrumb\"},\"inLanguage\":\"fi\",\"potentialAction\":[{\"@type\":\"ReadAction\",\"target\":[\"https:\\\/\\\/kennetwennerqvist.fi\\\/fi\\\/\"]}]},{\"@type\":\"ImageObject\",\"inLanguage\":\"fi\",\"@id\":\"https:\\\/\\\/kennetwennerqvist.fi\\\/fi\\\/#primaryimage\",\"url\":\"https:\\\/\\\/kennetwennerqvist.fi\\\/fi\\\/wp-content\\\/uploads\\\/sites\\\/2\\\/2024\\\/02\\\/tausta-1b-2000x1333-1.jpg\",\"contentUrl\":\"https:\\\/\\\/kennetwennerqvist.fi\\\/fi\\\/wp-content\\\/uploads\\\/sites\\\/2\\\/2024\\\/02\\\/tausta-1b-2000x1333-1.jpg\",\"width\":2000,\"height\":1333},{\"@type\":\"BreadcrumbList\",\"@id\":\"https:\\\/\\\/kennetwennerqvist.fi\\\/fi\\\/#breadcrumb\",\"itemListElement\":[{\"@type\":\"ListItem\",\"position\":1,\"name\":\"Etusivu\",\"item\":\"https:\\\/\\\/kennetwennerqvist.fi\\\/fi\\\/\"},{\"@type\":\"ListItem\",\"position\":2,\"name\":\"Fysioterapeutti Kennet Wennerqvist Porvoo\"}]},{\"@type\":\"WebSite\",\"@id\":\"https:\\\/\\\/kennetwennerqvist.fi\\\/fi\\\/#website\",\"url\":\"https:\\\/\\\/kennetwennerqvist.fi\\\/fi\\\/\",\"name\":\"Kennet Wennerqvist Suomeksi\",\"description\":\"\",\"potentialAction\":[{\"@type\":\"SearchAction\",\"target\":{\"@type\":\"EntryPoint\",\"urlTemplate\":\"https:\\\/\\\/kennetwennerqvist.fi\\\/fi\\\/?s={search_term_string}\"},\"query-input\":{\"@type\":\"PropertyValueSpecification\",\"valueRequired\":true,\"valueName\":\"search_term_string\"}}],\"inLanguage\":\"fi\"}]}<\/script>\n<!-- \/ Yoast SEO plugin. -->","yoast_head_json":{"title":"Fysioterapeutti Kennet Wennerqvist Porvoo - Kennet Wennerqvist Suomeksi","description":"Hoidan ihmiskehoa fysioterapian, akupunktion ja perinteisen kansanl\u00e4\u00e4kinn\u00e4n avulla.","robots":{"index":"index","follow":"follow","max-snippet":"max-snippet:-1","max-image-preview":"max-image-preview:large","max-video-preview":"max-video-preview:-1"},"canonical":"https:\/\/kennetwennerqvist.fi\/fi\/","og_locale":"fi_FI","og_type":"article","og_title":"Fysioterapeutti Kennet Wennerqvist Porvoo - Kennet Wennerqvist Suomeksi","og_description":"Hoidan ihmiskehoa fysioterapian, akupunktion ja perinteisen kansanl\u00e4\u00e4kinn\u00e4n avulla.","og_url":"https:\/\/kennetwennerqvist.fi\/fi\/","og_site_name":"Kennet Wennerqvist Suomeksi","article_modified_time":"2024-02-12T11:45:45+00:00","og_image":[{"width":2000,"height":1333,"url":"https:\/\/kennetwennerqvist.fi\/fi\/wp-content\/uploads\/sites\/2\/2024\/02\/tausta-1b-2000x1333-1.jpg","type":"image\/jpeg"}],"twitter_card":"summary_large_image","twitter_misc":{"Arvioitu lukuaika":"2 minuuttia"},"schema":{"@context":"https:\/\/schema.org","@graph":[{"@type":"WebPage","@id":"https:\/\/kennetwennerqvist.fi\/fi\/","url":"https:\/\/kennetwennerqvist.fi\/fi\/","name":"Fysioterapeutti Kennet Wennerqvist Porvoo - Kennet Wennerqvist Suomeksi","isPartOf":{"@id":"https:\/\/kennetwennerqvist.fi\/fi\/#website"},"primaryImageOfPage":{"@id":"https:\/\/kennetwennerqvist.fi\/fi\/#primaryimage"},"image":{"@id":"https:\/\/kennetwennerqvist.fi\/fi\/#primaryimage"},"thumbnailUrl":"https:\/\/kennetwennerqvist.fi\/fi\/wp-content\/uploads\/sites\/2\/2024\/02\/tausta-1b-2000x1333-1.jpg","datePublished":"2024-02-09T13:15:05+00:00","dateModified":"2024-02-12T11:45:45+00:00","description":"Hoidan ihmiskehoa fysioterapian, akupunktion ja perinteisen kansanl\u00e4\u00e4kinn\u00e4n avulla.","breadcrumb":{"@id":"https:\/\/kennetwennerqvist.fi\/fi\/#breadcrumb"},"inLanguage":"fi","potentialAction":[{"@type":"ReadAction","target":["https:\/\/kennetwennerqvist.fi\/fi\/"]}]},{"@type":"ImageObject","inLanguage":"fi","@id":"https:\/\/kennetwennerqvist.fi\/fi\/#primaryimage","url":"https:\/\/kennetwennerqvist.fi\/fi\/wp-content\/uploads\/sites\/2\/2024\/02\/tausta-1b-2000x1333-1.jpg","contentUrl":"https:\/\/kennetwennerqvist.fi\/fi\/wp-content\/uploads\/sites\/2\/2024\/02\/tausta-1b-2000x1333-1.jpg","width":2000,"height":1333},{"@type":"BreadcrumbList","@id":"https:\/\/kennetwennerqvist.fi\/fi\/#breadcrumb","itemListElement":[{"@type":"ListItem","position":1,"name":"Etusivu","item":"https:\/\/kennetwennerqvist.fi\/fi\/"},{"@type":"ListItem","position":2,"name":"Fysioterapeutti Kennet Wennerqvist Porvoo"}]},{"@type":"WebSite","@id":"https:\/\/kennetwennerqvist.fi\/fi\/#website","url":"https:\/\/kennetwennerqvist.fi\/fi\/","name":"Kennet Wennerqvist Suomeksi","description":"","potentialAction":[{"@type":"SearchAction","target":{"@type":"EntryPoint","urlTemplate":"https:\/\/kennetwennerqvist.fi\/fi\/?s={search_term_string}"},"query-input":{"@type":"PropertyValueSpecification","valueRequired":true,"valueName":"search_term_string"}}],"inLanguage":"fi"}]}},"_links":{"self":[{"href":"https:\/\/kennetwennerqvist.fi\/fi\/wp-json\/wp\/v2\/pages\/6","targetHints":{"allow":["GET"]}}],"collection":[{"href":"https:\/\/kennetwennerqvist.fi\/fi\/wp-json\/wp\/v2\/pages"}],"about":[{"href":"https:\/\/kennetwennerqvist.fi\/fi\/wp-json\/wp\/v2\/types\/page"}],"author":[{"embeddable":true,"href":"https:\/\/kennetwennerqvist.fi\/fi\/wp-json\/wp\/v2\/users\/1"}],"replies":[{"embeddable":true,"href":"https:\/\/kennetwennerqvist.fi\/fi\/wp-json\/wp\/v2\/comments?post=6"}],"version-history":[{"count":8,"href":"https:\/\/kennetwennerqvist.fi\/fi\/wp-json\/wp\/v2\/pages\/6\/revisions"}],"predecessor-version":[{"id":38,"href":"https:\/\/kennetwennerqvist.fi\/fi\/wp-json\/wp\/v2\/pages\/6\/revisions\/38"}],"wp:featuredmedia":[{"embeddable":true,"href":"https:\/\/kennetwennerqvist.fi\/fi\/wp-json\/wp\/v2\/media\/7"}],"wp:attachment":[{"href":"https:\/\/kennetwennerqvist.fi\/fi\/wp-json\/wp\/v2\/media?parent=6"}],"curies":[{"name":"wp","href":"https:\/\/api.w.org\/{rel}","templated":true}]}}