{"id":31,"date":"2024-02-12T12:23:59","date_gmt":"2024-02-12T10:23:59","guid":{"rendered":"https:\/\/kennetwennerqvist.fi\/fi\/?page_id=31"},"modified":"2024-02-12T13:58:35","modified_gmt":"2024-02-12T11:58:35","slug":"anatomytrains-fascia","status":"publish","type":"page","link":"https:\/\/kennetwennerqvist.fi\/fi\/anatomytrains-fascia\/","title":{"rendered":"Anatomytrains fascia"},"content":{"rendered":"<h3>Functional fascia release<\/h3>\n<p>Faskia on hyvin laaja k\u00e4site ja k\u00e4yt\u00e4n sit\u00e4 t\u00e4ss\u00e4 yhteydess\u00e4 tarkoittaen lihakset, j\u00e4nteet ja muu sidekudos joka t\u00e4ytt\u00e4\u00e4 kehoamme ja yhdist\u00e4\u00e4 eri yksik\u00f6t ja rakenteet toisiinsa. Opiskelin t\u00e4t\u00e4 puolitoista vuotta Anatomy trains kurssimoduulien avulla ja valmistuin 2016. Niiden n\u00e4kemys on hyvin kokonaisvaltainen ja perustuu eri lihasten v\u00e4lill\u00e4 yhdist\u00e4viin myofaskiaalisiin linjoihin koko kehossa, esim p\u00e4\u00e4st\u00e4 varpaisiin. Yhdess\u00e4 n\u00e4m\u00e4 linjat muodostavat ik\u00e4\u00e4nkuin tukirakenteen kehomme ymp\u00e4rill\u00e4, vaikuttaen niin ryhtiin kuin toimintaan ja liikkeeseen. Valitettavasti el\u00e4m\u00e4n varrella tapahtuneiden mahdollisten tapaturmien ym seurauksena, keho kehitt\u00e4\u00e4 helposti ep\u00e4symmetrisi\u00e4 j\u00e4nnityksi\u00e4 joista johtuen keho alkaa mm kallistua ja kierty\u00e4 kompensoidakseen syntynytt\u00e4 tilannetta. Usein kipu on h\u00e4lytysmerkki siit\u00e4 ett\u00e4 keho ei en\u00e4\u00e4 jaksa kompensoida. Minun teht\u00e4v\u00e4ni t\u00e4ss\u00e4 tapauksessa on eri suuntaisilla pehmytkudosmobilisaatiomenetelmill\u00e4,  helpottaa j\u00e4nnitykset jotka ovat aloittaneet ep\u00e4symmetrian ja n\u00e4in lievent\u00e4\u00e4 kehon kompensaatiota ja siit\u00e4 mahdollisesti johtuvaa kipuilua.<\/p>\n<p>Enemm\u00e4n tietoa ja yksityiskohtia l\u00f6yd\u00e4t <a href=\"https:\/\/www.anatomytrains.com\" rel=\"noopener\" target=\"_blank\">anatomytrains.com<\/a> nettisivuilla.<\/p>\n","protected":false},"excerpt":{"rendered":"<p>Functional fascia release Faskia on hyvin laaja k\u00e4site ja k\u00e4yt\u00e4n sit\u00e4 t\u00e4ss\u00e4 yhteydess\u00e4 tarkoittaen lihakset, j\u00e4nteet ja muu sidekudos joka t\u00e4ytt\u00e4\u00e4 kehoamme ja yhdist\u00e4\u00e4 eri yksik\u00f6t ja rakenteet toisiinsa. Opiskelin t\u00e4t\u00e4 puolitoista vuotta Anatomy trains kurssimoduulien avulla ja valmistuin 2016. Niiden n\u00e4kemys on hyvin kokonaisvaltainen ja perustuu eri lihasten v\u00e4lill\u00e4 yhdist\u00e4viin myofaskiaalisiin linjoihin koko kehossa, [&hellip;]<\/p>\n","protected":false},"author":1,"featured_media":11,"parent":0,"menu_order":0,"comment_status":"closed","ping_status":"closed","template":"","meta":{"footnotes":""},"class_list":["post-31","page","type-page","status-publish","has-post-thumbnail","hentry"],"yoast_head":"<!-- This site is optimized with the Yoast SEO plugin v27.5 - https:\/\/yoast.com\/product\/yoast-seo-wordpress\/ -->\n<title>Anatomytrains fascia - Kennet Wennerqvist Suomeksi<\/title>\n<meta name=\"description\" content=\"Faskia on hyvin laaja k\u00e4site ja k\u00e4yt\u00e4n sit\u00e4 t\u00e4ss\u00e4 yhteydess\u00e4 tarkoittaen lihakset, j\u00e4nteet ja muu sidekudos joka t\u00e4ytt\u00e4\u00e4 kehoamme ja yhdist\u00e4\u00e4 eri yksik\u00f6t ja rakenteet toisiinsa.\" \/>\n<meta name=\"robots\" content=\"index, follow, max-snippet:-1, max-image-preview:large, max-video-preview:-1\" \/>\n<link rel=\"canonical\" href=\"https:\/\/kennetwennerqvist.fi\/fi\/anatomytrains-fascia\/\" \/>\n<meta property=\"og:locale\" content=\"fi_FI\" \/>\n<meta property=\"og:type\" content=\"article\" \/>\n<meta property=\"og:title\" content=\"Anatomytrains fascia - Kennet Wennerqvist Suomeksi\" \/>\n<meta property=\"og:description\" content=\"Faskia on hyvin laaja k\u00e4site ja k\u00e4yt\u00e4n sit\u00e4 t\u00e4ss\u00e4 yhteydess\u00e4 tarkoittaen lihakset, j\u00e4nteet ja muu sidekudos joka t\u00e4ytt\u00e4\u00e4 kehoamme ja yhdist\u00e4\u00e4 eri yksik\u00f6t ja rakenteet toisiinsa.\" \/>\n<meta property=\"og:url\" content=\"https:\/\/kennetwennerqvist.fi\/fi\/anatomytrains-fascia\/\" \/>\n<meta property=\"og:site_name\" content=\"Kennet Wennerqvist Suomeksi\" \/>\n<meta property=\"article:modified_time\" content=\"2024-02-12T11:58:35+00:00\" \/>\n<meta property=\"og:image\" content=\"https:\/\/kennetwennerqvist.fi\/fi\/wp-content\/uploads\/sites\/2\/2024\/02\/tausta-2-2000x1333-1.jpg\" \/>\n\t<meta property=\"og:image:width\" content=\"2000\" \/>\n\t<meta property=\"og:image:height\" content=\"1333\" \/>\n\t<meta property=\"og:image:type\" content=\"image\/jpeg\" \/>\n<meta name=\"twitter:card\" content=\"summary_large_image\" \/>\n<meta name=\"twitter:label1\" content=\"Arvioitu lukuaika\" \/>\n\t<meta name=\"twitter:data1\" content=\"2 minuuttia\" \/>\n<script type=\"application\/ld+json\" class=\"yoast-schema-graph\">{\"@context\":\"https:\\\/\\\/schema.org\",\"@graph\":[{\"@type\":\"WebPage\",\"@id\":\"https:\\\/\\\/kennetwennerqvist.fi\\\/fi\\\/anatomytrains-fascia\\\/\",\"url\":\"https:\\\/\\\/kennetwennerqvist.fi\\\/fi\\\/anatomytrains-fascia\\\/\",\"name\":\"Anatomytrains fascia - Kennet Wennerqvist Suomeksi\",\"isPartOf\":{\"@id\":\"https:\\\/\\\/kennetwennerqvist.fi\\\/fi\\\/#website\"},\"primaryImageOfPage\":{\"@id\":\"https:\\\/\\\/kennetwennerqvist.fi\\\/fi\\\/anatomytrains-fascia\\\/#primaryimage\"},\"image\":{\"@id\":\"https:\\\/\\\/kennetwennerqvist.fi\\\/fi\\\/anatomytrains-fascia\\\/#primaryimage\"},\"thumbnailUrl\":\"https:\\\/\\\/kennetwennerqvist.fi\\\/fi\\\/wp-content\\\/uploads\\\/sites\\\/2\\\/2024\\\/02\\\/tausta-2-2000x1333-1.jpg\",\"datePublished\":\"2024-02-12T10:23:59+00:00\",\"dateModified\":\"2024-02-12T11:58:35+00:00\",\"description\":\"Faskia on hyvin laaja k\u00e4site ja k\u00e4yt\u00e4n sit\u00e4 t\u00e4ss\u00e4 yhteydess\u00e4 tarkoittaen lihakset, j\u00e4nteet ja muu sidekudos joka t\u00e4ytt\u00e4\u00e4 kehoamme ja yhdist\u00e4\u00e4 eri yksik\u00f6t ja rakenteet toisiinsa.\",\"breadcrumb\":{\"@id\":\"https:\\\/\\\/kennetwennerqvist.fi\\\/fi\\\/anatomytrains-fascia\\\/#breadcrumb\"},\"inLanguage\":\"fi\",\"potentialAction\":[{\"@type\":\"ReadAction\",\"target\":[\"https:\\\/\\\/kennetwennerqvist.fi\\\/fi\\\/anatomytrains-fascia\\\/\"]}]},{\"@type\":\"ImageObject\",\"inLanguage\":\"fi\",\"@id\":\"https:\\\/\\\/kennetwennerqvist.fi\\\/fi\\\/anatomytrains-fascia\\\/#primaryimage\",\"url\":\"https:\\\/\\\/kennetwennerqvist.fi\\\/fi\\\/wp-content\\\/uploads\\\/sites\\\/2\\\/2024\\\/02\\\/tausta-2-2000x1333-1.jpg\",\"contentUrl\":\"https:\\\/\\\/kennetwennerqvist.fi\\\/fi\\\/wp-content\\\/uploads\\\/sites\\\/2\\\/2024\\\/02\\\/tausta-2-2000x1333-1.jpg\",\"width\":2000,\"height\":1333},{\"@type\":\"BreadcrumbList\",\"@id\":\"https:\\\/\\\/kennetwennerqvist.fi\\\/fi\\\/anatomytrains-fascia\\\/#breadcrumb\",\"itemListElement\":[{\"@type\":\"ListItem\",\"position\":1,\"name\":\"Etusivu\",\"item\":\"https:\\\/\\\/kennetwennerqvist.fi\\\/fi\\\/\"},{\"@type\":\"ListItem\",\"position\":2,\"name\":\"Anatomytrains fascia\"}]},{\"@type\":\"WebSite\",\"@id\":\"https:\\\/\\\/kennetwennerqvist.fi\\\/fi\\\/#website\",\"url\":\"https:\\\/\\\/kennetwennerqvist.fi\\\/fi\\\/\",\"name\":\"Kennet Wennerqvist Suomeksi\",\"description\":\"\",\"potentialAction\":[{\"@type\":\"SearchAction\",\"target\":{\"@type\":\"EntryPoint\",\"urlTemplate\":\"https:\\\/\\\/kennetwennerqvist.fi\\\/fi\\\/?s={search_term_string}\"},\"query-input\":{\"@type\":\"PropertyValueSpecification\",\"valueRequired\":true,\"valueName\":\"search_term_string\"}}],\"inLanguage\":\"fi\"}]}<\/script>\n<!-- \/ Yoast SEO plugin. -->","yoast_head_json":{"title":"Anatomytrains fascia - Kennet Wennerqvist Suomeksi","description":"Faskia on hyvin laaja k\u00e4site ja k\u00e4yt\u00e4n sit\u00e4 t\u00e4ss\u00e4 yhteydess\u00e4 tarkoittaen lihakset, j\u00e4nteet ja muu sidekudos joka t\u00e4ytt\u00e4\u00e4 kehoamme ja yhdist\u00e4\u00e4 eri yksik\u00f6t ja rakenteet toisiinsa.","robots":{"index":"index","follow":"follow","max-snippet":"max-snippet:-1","max-image-preview":"max-image-preview:large","max-video-preview":"max-video-preview:-1"},"canonical":"https:\/\/kennetwennerqvist.fi\/fi\/anatomytrains-fascia\/","og_locale":"fi_FI","og_type":"article","og_title":"Anatomytrains fascia - Kennet Wennerqvist Suomeksi","og_description":"Faskia on hyvin laaja k\u00e4site ja k\u00e4yt\u00e4n sit\u00e4 t\u00e4ss\u00e4 yhteydess\u00e4 tarkoittaen lihakset, j\u00e4nteet ja muu sidekudos joka t\u00e4ytt\u00e4\u00e4 kehoamme ja yhdist\u00e4\u00e4 eri yksik\u00f6t ja rakenteet toisiinsa.","og_url":"https:\/\/kennetwennerqvist.fi\/fi\/anatomytrains-fascia\/","og_site_name":"Kennet Wennerqvist Suomeksi","article_modified_time":"2024-02-12T11:58:35+00:00","og_image":[{"width":2000,"height":1333,"url":"https:\/\/kennetwennerqvist.fi\/fi\/wp-content\/uploads\/sites\/2\/2024\/02\/tausta-2-2000x1333-1.jpg","type":"image\/jpeg"}],"twitter_card":"summary_large_image","twitter_misc":{"Arvioitu lukuaika":"2 minuuttia"},"schema":{"@context":"https:\/\/schema.org","@graph":[{"@type":"WebPage","@id":"https:\/\/kennetwennerqvist.fi\/fi\/anatomytrains-fascia\/","url":"https:\/\/kennetwennerqvist.fi\/fi\/anatomytrains-fascia\/","name":"Anatomytrains fascia - Kennet Wennerqvist Suomeksi","isPartOf":{"@id":"https:\/\/kennetwennerqvist.fi\/fi\/#website"},"primaryImageOfPage":{"@id":"https:\/\/kennetwennerqvist.fi\/fi\/anatomytrains-fascia\/#primaryimage"},"image":{"@id":"https:\/\/kennetwennerqvist.fi\/fi\/anatomytrains-fascia\/#primaryimage"},"thumbnailUrl":"https:\/\/kennetwennerqvist.fi\/fi\/wp-content\/uploads\/sites\/2\/2024\/02\/tausta-2-2000x1333-1.jpg","datePublished":"2024-02-12T10:23:59+00:00","dateModified":"2024-02-12T11:58:35+00:00","description":"Faskia on hyvin laaja k\u00e4site ja k\u00e4yt\u00e4n sit\u00e4 t\u00e4ss\u00e4 yhteydess\u00e4 tarkoittaen lihakset, j\u00e4nteet ja muu sidekudos joka t\u00e4ytt\u00e4\u00e4 kehoamme ja yhdist\u00e4\u00e4 eri yksik\u00f6t ja rakenteet toisiinsa.","breadcrumb":{"@id":"https:\/\/kennetwennerqvist.fi\/fi\/anatomytrains-fascia\/#breadcrumb"},"inLanguage":"fi","potentialAction":[{"@type":"ReadAction","target":["https:\/\/kennetwennerqvist.fi\/fi\/anatomytrains-fascia\/"]}]},{"@type":"ImageObject","inLanguage":"fi","@id":"https:\/\/kennetwennerqvist.fi\/fi\/anatomytrains-fascia\/#primaryimage","url":"https:\/\/kennetwennerqvist.fi\/fi\/wp-content\/uploads\/sites\/2\/2024\/02\/tausta-2-2000x1333-1.jpg","contentUrl":"https:\/\/kennetwennerqvist.fi\/fi\/wp-content\/uploads\/sites\/2\/2024\/02\/tausta-2-2000x1333-1.jpg","width":2000,"height":1333},{"@type":"BreadcrumbList","@id":"https:\/\/kennetwennerqvist.fi\/fi\/anatomytrains-fascia\/#breadcrumb","itemListElement":[{"@type":"ListItem","position":1,"name":"Etusivu","item":"https:\/\/kennetwennerqvist.fi\/fi\/"},{"@type":"ListItem","position":2,"name":"Anatomytrains fascia"}]},{"@type":"WebSite","@id":"https:\/\/kennetwennerqvist.fi\/fi\/#website","url":"https:\/\/kennetwennerqvist.fi\/fi\/","name":"Kennet Wennerqvist Suomeksi","description":"","potentialAction":[{"@type":"SearchAction","target":{"@type":"EntryPoint","urlTemplate":"https:\/\/kennetwennerqvist.fi\/fi\/?s={search_term_string}"},"query-input":{"@type":"PropertyValueSpecification","valueRequired":true,"valueName":"search_term_string"}}],"inLanguage":"fi"}]}},"_links":{"self":[{"href":"https:\/\/kennetwennerqvist.fi\/fi\/wp-json\/wp\/v2\/pages\/31","targetHints":{"allow":["GET"]}}],"collection":[{"href":"https:\/\/kennetwennerqvist.fi\/fi\/wp-json\/wp\/v2\/pages"}],"about":[{"href":"https:\/\/kennetwennerqvist.fi\/fi\/wp-json\/wp\/v2\/types\/page"}],"author":[{"embeddable":true,"href":"https:\/\/kennetwennerqvist.fi\/fi\/wp-json\/wp\/v2\/users\/1"}],"replies":[{"embeddable":true,"href":"https:\/\/kennetwennerqvist.fi\/fi\/wp-json\/wp\/v2\/comments?post=31"}],"version-history":[{"count":2,"href":"https:\/\/kennetwennerqvist.fi\/fi\/wp-json\/wp\/v2\/pages\/31\/revisions"}],"predecessor-version":[{"id":39,"href":"https:\/\/kennetwennerqvist.fi\/fi\/wp-json\/wp\/v2\/pages\/31\/revisions\/39"}],"wp:featuredmedia":[{"embeddable":true,"href":"https:\/\/kennetwennerqvist.fi\/fi\/wp-json\/wp\/v2\/media\/11"}],"wp:attachment":[{"href":"https:\/\/kennetwennerqvist.fi\/fi\/wp-json\/wp\/v2\/media?parent=31"}],"curies":[{"name":"wp","href":"https:\/\/api.w.org\/{rel}","templated":true}]}}