{"id":14,"date":"2024-02-09T15:18:25","date_gmt":"2024-02-09T13:18:25","guid":{"rendered":"https:\/\/kennetwennerqvist.fi\/fi\/?page_id=14"},"modified":"2024-02-12T12:27:16","modified_gmt":"2024-02-12T10:27:16","slug":"kiinalainen-laaketiede","status":"publish","type":"page","link":"https:\/\/kennetwennerqvist.fi\/fi\/kiinalainen-laaketiede\/","title":{"rendered":"Kiinalainen l\u00e4\u00e4ketiede"},"content":{"rendered":"<p>Kiinalainen l\u00e4\u00e4ketiede on valtavan laaja k\u00e4site, johon liittyy mm. yrttil\u00e4\u00e4kint\u00e4, ravitsemustiede, liikuntatiede ja filosofia tavallisen hoitavan l\u00e4\u00e4ketieteen lis\u00e4ksi. Yleisesti meill\u00e4 l\u00e4nsimaissa tunnemme n\u00e4ist\u00e4 se hoitavaa l\u00e4\u00e4ketieteen haaraa ja siit\u00e4 olemme poimineet akupunktion t\u00e4rkeimm\u00e4ksi, vaikka siihen liittyy my\u00f6s moksibustion (l\u00e4mmitt\u00e4v\u00e4 hoitomuoto), hieronta ym.<\/p>\n<p>Kiinalaisen l\u00e4\u00e4ketieteen alku on myyttisten tarinoiden peitossa mutta tied\u00e4mme ett\u00e4 se on tuhansien vuosien vanha perinne joka on katkeamatta selviytynyt meille t\u00e4h\u00e4n p\u00e4iv\u00e4\u00e4n. Kiinalaisen l\u00e4\u00e4ketieteen perusn\u00e4kemykset k\u00e4sitt\u00e4v\u00e4t viiden elementtien kiertokulku ja n\u00e4iden energioiden liikkuminen meid\u00e4n energiaj\u00e4rjestelm\u00e4mme kanavissa (ns meridiaaneja). Silloin kun energia ei virtaa vapaasti j\u00e4rjestelm\u00e4ss\u00e4mme, tapahtuu salpautuminen ja mahdollinen kipu tai muu ongelma kehossamme. Kaikilla yll\u00e4 mainituilla menetelmill\u00e4 voidaan yritt\u00e4\u00e4 vaikuttaa salpautumiin ja n\u00e4in tuoda tasapainoa kehon j\u00e4rjestelm\u00e4\u00e4n.<\/p>\n<p>Itse olen opiskellut hoitavasta l\u00e4\u00e4ketieteest\u00e4 l\u00e4hinn\u00e4 akupunktion ja moksibustion. Olen huomannut ett\u00e4 kiinalaisella l\u00e4\u00e4ketieteell\u00e4 on paljon annettavaa my\u00f6s m.m. kroonisissa kivuissa, mielten ongelmissa ja ihmisen henkisess\u00e4 kasvussa. N\u00e4ist\u00e4 voit lukea lis\u00e4\u00e4 Neijing-koulun sivuilla: <a href=\"https:\/\/www.neijing.fi\" rel=\"noopener\" target=\"_blank\">www.neijing.fi<\/a><\/p>\n","protected":false},"excerpt":{"rendered":"<p>Kiinalainen l\u00e4\u00e4ketiede on valtavan laaja k\u00e4site, johon liittyy mm. yrttil\u00e4\u00e4kint\u00e4, ravitsemustiede, liikuntatiede ja filosofia tavallisen hoitavan l\u00e4\u00e4ketieteen lis\u00e4ksi. Yleisesti meill\u00e4 l\u00e4nsimaissa tunnemme n\u00e4ist\u00e4 se hoitavaa l\u00e4\u00e4ketieteen haaraa ja siit\u00e4 olemme poimineet akupunktion t\u00e4rkeimm\u00e4ksi, vaikka siihen liittyy my\u00f6s moksibustion (l\u00e4mmitt\u00e4v\u00e4 hoitomuoto), hieronta ym. Kiinalaisen l\u00e4\u00e4ketieteen alku on myyttisten tarinoiden peitossa mutta tied\u00e4mme ett\u00e4 se on tuhansien [&hellip;]<\/p>\n","protected":false},"author":1,"featured_media":10,"parent":0,"menu_order":0,"comment_status":"closed","ping_status":"closed","template":"","meta":{"footnotes":""},"class_list":["post-14","page","type-page","status-publish","has-post-thumbnail","hentry"],"yoast_head":"<!-- This site is optimized with the Yoast SEO plugin v27.4 - https:\/\/yoast.com\/product\/yoast-seo-wordpress\/ -->\n<title>Kiinalainen l\u00e4\u00e4ketiede - Kennet Wennerqvist Suomeksi<\/title>\n<meta name=\"description\" content=\"Kiinalainen l\u00e4\u00e4ketiede on valtavan laaja k\u00e4site, johon liittyy mm. yrttil\u00e4\u00e4kint\u00e4, ravitsemustiede, liikuntatiede ja filosofia tavallisen hoitavan l\u00e4\u00e4ketieteen lis\u00e4ksi.\" \/>\n<meta name=\"robots\" content=\"index, follow, max-snippet:-1, max-image-preview:large, max-video-preview:-1\" \/>\n<link rel=\"canonical\" href=\"https:\/\/kennetwennerqvist.fi\/fi\/kiinalainen-laaketiede\/\" \/>\n<meta property=\"og:locale\" content=\"fi_FI\" \/>\n<meta property=\"og:type\" content=\"article\" \/>\n<meta property=\"og:title\" content=\"Kiinalainen l\u00e4\u00e4ketiede - Kennet Wennerqvist Suomeksi\" \/>\n<meta property=\"og:description\" content=\"Kiinalainen l\u00e4\u00e4ketiede on valtavan laaja k\u00e4site, johon liittyy mm. yrttil\u00e4\u00e4kint\u00e4, ravitsemustiede, liikuntatiede ja filosofia tavallisen hoitavan l\u00e4\u00e4ketieteen lis\u00e4ksi.\" \/>\n<meta property=\"og:url\" content=\"https:\/\/kennetwennerqvist.fi\/fi\/kiinalainen-laaketiede\/\" \/>\n<meta property=\"og:site_name\" content=\"Kennet Wennerqvist Suomeksi\" \/>\n<meta property=\"article:modified_time\" content=\"2024-02-12T10:27:16+00:00\" \/>\n<meta property=\"og:image\" content=\"https:\/\/kennetwennerqvist.fi\/fi\/wp-content\/uploads\/sites\/2\/2024\/02\/tausta-3_2000x1333.jpg\" \/>\n\t<meta property=\"og:image:width\" content=\"2000\" \/>\n\t<meta property=\"og:image:height\" content=\"1333\" \/>\n\t<meta property=\"og:image:type\" content=\"image\/jpeg\" \/>\n<meta name=\"twitter:card\" content=\"summary_large_image\" \/>\n<meta name=\"twitter:label1\" content=\"Arvioitu lukuaika\" \/>\n\t<meta name=\"twitter:data1\" content=\"2 minuuttia\" \/>\n<script type=\"application\/ld+json\" class=\"yoast-schema-graph\">{\"@context\":\"https:\\\/\\\/schema.org\",\"@graph\":[{\"@type\":\"WebPage\",\"@id\":\"https:\\\/\\\/kennetwennerqvist.fi\\\/fi\\\/kiinalainen-laaketiede\\\/\",\"url\":\"https:\\\/\\\/kennetwennerqvist.fi\\\/fi\\\/kiinalainen-laaketiede\\\/\",\"name\":\"Kiinalainen l\u00e4\u00e4ketiede - Kennet Wennerqvist Suomeksi\",\"isPartOf\":{\"@id\":\"https:\\\/\\\/kennetwennerqvist.fi\\\/fi\\\/#website\"},\"primaryImageOfPage\":{\"@id\":\"https:\\\/\\\/kennetwennerqvist.fi\\\/fi\\\/kiinalainen-laaketiede\\\/#primaryimage\"},\"image\":{\"@id\":\"https:\\\/\\\/kennetwennerqvist.fi\\\/fi\\\/kiinalainen-laaketiede\\\/#primaryimage\"},\"thumbnailUrl\":\"https:\\\/\\\/kennetwennerqvist.fi\\\/fi\\\/wp-content\\\/uploads\\\/sites\\\/2\\\/2024\\\/02\\\/tausta-3_2000x1333.jpg\",\"datePublished\":\"2024-02-09T13:18:25+00:00\",\"dateModified\":\"2024-02-12T10:27:16+00:00\",\"description\":\"Kiinalainen l\u00e4\u00e4ketiede on valtavan laaja k\u00e4site, johon liittyy mm. yrttil\u00e4\u00e4kint\u00e4, ravitsemustiede, liikuntatiede ja filosofia tavallisen hoitavan l\u00e4\u00e4ketieteen lis\u00e4ksi.\",\"breadcrumb\":{\"@id\":\"https:\\\/\\\/kennetwennerqvist.fi\\\/fi\\\/kiinalainen-laaketiede\\\/#breadcrumb\"},\"inLanguage\":\"fi\",\"potentialAction\":[{\"@type\":\"ReadAction\",\"target\":[\"https:\\\/\\\/kennetwennerqvist.fi\\\/fi\\\/kiinalainen-laaketiede\\\/\"]}]},{\"@type\":\"ImageObject\",\"inLanguage\":\"fi\",\"@id\":\"https:\\\/\\\/kennetwennerqvist.fi\\\/fi\\\/kiinalainen-laaketiede\\\/#primaryimage\",\"url\":\"https:\\\/\\\/kennetwennerqvist.fi\\\/fi\\\/wp-content\\\/uploads\\\/sites\\\/2\\\/2024\\\/02\\\/tausta-3_2000x1333.jpg\",\"contentUrl\":\"https:\\\/\\\/kennetwennerqvist.fi\\\/fi\\\/wp-content\\\/uploads\\\/sites\\\/2\\\/2024\\\/02\\\/tausta-3_2000x1333.jpg\",\"width\":2000,\"height\":1333},{\"@type\":\"BreadcrumbList\",\"@id\":\"https:\\\/\\\/kennetwennerqvist.fi\\\/fi\\\/kiinalainen-laaketiede\\\/#breadcrumb\",\"itemListElement\":[{\"@type\":\"ListItem\",\"position\":1,\"name\":\"Etusivu\",\"item\":\"https:\\\/\\\/kennetwennerqvist.fi\\\/fi\\\/\"},{\"@type\":\"ListItem\",\"position\":2,\"name\":\"Kiinalainen l\u00e4\u00e4ketiede\"}]},{\"@type\":\"WebSite\",\"@id\":\"https:\\\/\\\/kennetwennerqvist.fi\\\/fi\\\/#website\",\"url\":\"https:\\\/\\\/kennetwennerqvist.fi\\\/fi\\\/\",\"name\":\"Kennet Wennerqvist Suomeksi\",\"description\":\"\",\"potentialAction\":[{\"@type\":\"SearchAction\",\"target\":{\"@type\":\"EntryPoint\",\"urlTemplate\":\"https:\\\/\\\/kennetwennerqvist.fi\\\/fi\\\/?s={search_term_string}\"},\"query-input\":{\"@type\":\"PropertyValueSpecification\",\"valueRequired\":true,\"valueName\":\"search_term_string\"}}],\"inLanguage\":\"fi\"}]}<\/script>\n<!-- \/ Yoast SEO plugin. -->","yoast_head_json":{"title":"Kiinalainen l\u00e4\u00e4ketiede - Kennet Wennerqvist Suomeksi","description":"Kiinalainen l\u00e4\u00e4ketiede on valtavan laaja k\u00e4site, johon liittyy mm. yrttil\u00e4\u00e4kint\u00e4, ravitsemustiede, liikuntatiede ja filosofia tavallisen hoitavan l\u00e4\u00e4ketieteen lis\u00e4ksi.","robots":{"index":"index","follow":"follow","max-snippet":"max-snippet:-1","max-image-preview":"max-image-preview:large","max-video-preview":"max-video-preview:-1"},"canonical":"https:\/\/kennetwennerqvist.fi\/fi\/kiinalainen-laaketiede\/","og_locale":"fi_FI","og_type":"article","og_title":"Kiinalainen l\u00e4\u00e4ketiede - Kennet Wennerqvist Suomeksi","og_description":"Kiinalainen l\u00e4\u00e4ketiede on valtavan laaja k\u00e4site, johon liittyy mm. yrttil\u00e4\u00e4kint\u00e4, ravitsemustiede, liikuntatiede ja filosofia tavallisen hoitavan l\u00e4\u00e4ketieteen lis\u00e4ksi.","og_url":"https:\/\/kennetwennerqvist.fi\/fi\/kiinalainen-laaketiede\/","og_site_name":"Kennet Wennerqvist Suomeksi","article_modified_time":"2024-02-12T10:27:16+00:00","og_image":[{"width":2000,"height":1333,"url":"https:\/\/kennetwennerqvist.fi\/fi\/wp-content\/uploads\/sites\/2\/2024\/02\/tausta-3_2000x1333.jpg","type":"image\/jpeg"}],"twitter_card":"summary_large_image","twitter_misc":{"Arvioitu lukuaika":"2 minuuttia"},"schema":{"@context":"https:\/\/schema.org","@graph":[{"@type":"WebPage","@id":"https:\/\/kennetwennerqvist.fi\/fi\/kiinalainen-laaketiede\/","url":"https:\/\/kennetwennerqvist.fi\/fi\/kiinalainen-laaketiede\/","name":"Kiinalainen l\u00e4\u00e4ketiede - Kennet Wennerqvist Suomeksi","isPartOf":{"@id":"https:\/\/kennetwennerqvist.fi\/fi\/#website"},"primaryImageOfPage":{"@id":"https:\/\/kennetwennerqvist.fi\/fi\/kiinalainen-laaketiede\/#primaryimage"},"image":{"@id":"https:\/\/kennetwennerqvist.fi\/fi\/kiinalainen-laaketiede\/#primaryimage"},"thumbnailUrl":"https:\/\/kennetwennerqvist.fi\/fi\/wp-content\/uploads\/sites\/2\/2024\/02\/tausta-3_2000x1333.jpg","datePublished":"2024-02-09T13:18:25+00:00","dateModified":"2024-02-12T10:27:16+00:00","description":"Kiinalainen l\u00e4\u00e4ketiede on valtavan laaja k\u00e4site, johon liittyy mm. yrttil\u00e4\u00e4kint\u00e4, ravitsemustiede, liikuntatiede ja filosofia tavallisen hoitavan l\u00e4\u00e4ketieteen lis\u00e4ksi.","breadcrumb":{"@id":"https:\/\/kennetwennerqvist.fi\/fi\/kiinalainen-laaketiede\/#breadcrumb"},"inLanguage":"fi","potentialAction":[{"@type":"ReadAction","target":["https:\/\/kennetwennerqvist.fi\/fi\/kiinalainen-laaketiede\/"]}]},{"@type":"ImageObject","inLanguage":"fi","@id":"https:\/\/kennetwennerqvist.fi\/fi\/kiinalainen-laaketiede\/#primaryimage","url":"https:\/\/kennetwennerqvist.fi\/fi\/wp-content\/uploads\/sites\/2\/2024\/02\/tausta-3_2000x1333.jpg","contentUrl":"https:\/\/kennetwennerqvist.fi\/fi\/wp-content\/uploads\/sites\/2\/2024\/02\/tausta-3_2000x1333.jpg","width":2000,"height":1333},{"@type":"BreadcrumbList","@id":"https:\/\/kennetwennerqvist.fi\/fi\/kiinalainen-laaketiede\/#breadcrumb","itemListElement":[{"@type":"ListItem","position":1,"name":"Etusivu","item":"https:\/\/kennetwennerqvist.fi\/fi\/"},{"@type":"ListItem","position":2,"name":"Kiinalainen l\u00e4\u00e4ketiede"}]},{"@type":"WebSite","@id":"https:\/\/kennetwennerqvist.fi\/fi\/#website","url":"https:\/\/kennetwennerqvist.fi\/fi\/","name":"Kennet Wennerqvist Suomeksi","description":"","potentialAction":[{"@type":"SearchAction","target":{"@type":"EntryPoint","urlTemplate":"https:\/\/kennetwennerqvist.fi\/fi\/?s={search_term_string}"},"query-input":{"@type":"PropertyValueSpecification","valueRequired":true,"valueName":"search_term_string"}}],"inLanguage":"fi"}]}},"_links":{"self":[{"href":"https:\/\/kennetwennerqvist.fi\/fi\/wp-json\/wp\/v2\/pages\/14","targetHints":{"allow":["GET"]}}],"collection":[{"href":"https:\/\/kennetwennerqvist.fi\/fi\/wp-json\/wp\/v2\/pages"}],"about":[{"href":"https:\/\/kennetwennerqvist.fi\/fi\/wp-json\/wp\/v2\/types\/page"}],"author":[{"embeddable":true,"href":"https:\/\/kennetwennerqvist.fi\/fi\/wp-json\/wp\/v2\/users\/1"}],"replies":[{"embeddable":true,"href":"https:\/\/kennetwennerqvist.fi\/fi\/wp-json\/wp\/v2\/comments?post=14"}],"version-history":[{"count":2,"href":"https:\/\/kennetwennerqvist.fi\/fi\/wp-json\/wp\/v2\/pages\/14\/revisions"}],"predecessor-version":[{"id":36,"href":"https:\/\/kennetwennerqvist.fi\/fi\/wp-json\/wp\/v2\/pages\/14\/revisions\/36"}],"wp:featuredmedia":[{"embeddable":true,"href":"https:\/\/kennetwennerqvist.fi\/fi\/wp-json\/wp\/v2\/media\/10"}],"wp:attachment":[{"href":"https:\/\/kennetwennerqvist.fi\/fi\/wp-json\/wp\/v2\/media?parent=14"}],"curies":[{"name":"wp","href":"https:\/\/api.w.org\/{rel}","templated":true}]}}